{"id":1128,"date":"2014-06-04T17:46:06","date_gmt":"2014-06-04T14:46:06","guid":{"rendered":"http:\/\/backlight.fi\/?page_id=1128"},"modified":"2023-08-17T15:03:17","modified_gmt":"2023-08-17T12:03:17","slug":"network-history","status":"publish","type":"page","link":"http:\/\/backlight.fi\/fi\/network-history\/","title":{"rendered":"Verkosto"},"content":{"rendered":"<h3><strong>Kumppanit ja yhteisj\u00e4rjest\u00e4j\u00e4t vuodesta 1999 l\u00e4htien<br \/>\n<\/strong><\/h3>\n<h4 style=\"text-align: left;\"><strong>Kansainv\u00e4liset<br \/>\n<\/strong><\/h4>\n<p>Willem de Kooning academy (2023)<\/p>\n<p><a href=\"http:\/\/www.nordiskkulturfond.org\/en\/\">Nordisk Kulturfond<\/a> (2017-2019 Yhteisty\u00f6 Landskorna Foton, KATALOG Journal of Photography&amp;Videon ja Nordic Lightin kanssa)<\/p>\n<p><a href=\"http:\/\/www.jt.lv\/\">\u00a0Jelgavas Tipogr\u0101fija<\/a> (2017, 2020)<\/p>\n<p><a href=\"http:\/\/fotomuziejus.lt\/en\/home\/\">Siauliai Museum of Photography<\/a> (2017)<\/p>\n<p><a href=\"http:\/\/www.ciurlionis.lt\/m-zilinskas-art-gallery\">\u00a0M. Zilinkas Art Gallery<\/a> (2017)<\/p>\n<p><a href=\"http:\/\/www.photoportgallery.com\/\">Photoport<\/a><span style=\"line-height: inherit;\"> (2017)<\/span><\/p>\n<p><a href=\"http:\/\/fotomuzejs.lv\/museum\/history\">Latvian Museum of Photography<\/a> (2017)<\/p>\n<p><a href=\"http:\/\/photon.si\/\">Photon<\/a> \u2013 Centre for Contemporary Photography (2014, 2017)<\/p>\n<p><a href=\"http:\/\/www.fotofluss.at\/\">FLUSS<\/a> \u2013 Society for the Promotion of Photo- and Media art\u00a0(2017)<\/p>\n<p><a href=\"http:\/\/capacenter.hu\/en\/\">Robert Capa Contemporary Photography Center<\/a>\u00a0(2017)<\/p>\n<p><a href=\"http:\/\/organvida.com\/\">Organ Vida<\/a> (2015, 2017)<\/p>\n<p><a href=\"http:\/\/www.rpbiennial.com\/\">Riga Photography Biennial<\/a> (2016)<\/p>\n<p><a href=\"http:\/\/www.phototriennale.de\/\">Triennale der Photographie Hamburg<\/a> (2015)<\/p>\n<p><a href=\"http:\/\/www.belfastphotofestival.com\/\">Belfast Photo Festival<\/a>\u00a0\/The Red Barn Gallery (2015)<\/p>\n<p><a href=\"http:\/\/www.silkroadartgallery.com\" target=\"_blank\" rel=\"noopener noreferrer\">Silk Road Gallery<\/a> (2014)<\/p>\n<p><a href=\"https:\/\/www.facebook.com\/pages\/Aleppo-International-Photo-festival\/204975346768\" target=\"_blank\" rel=\"noopener noreferrer\"> Aleppo Photo Festival \/ Le Pont <\/a>(2014)<\/p>\n<p><a href=\"http:\/\/www.aperture.org\" target=\"_blank\" rel=\"noopener noreferrer\">Aperture Foundation<\/a> (2014)<\/p>\n<p><a href=\"http:\/\/www.adbe.ulster.ac.uk\/artdesign\/\" target=\"_blank\" rel=\"noopener noreferrer\">Belfast School of Art \/ University of Ulster<\/a> (2014)<\/p>\n<p><a href=\"http:\/\/mome.hu\/en\" target=\"_blank\" rel=\"noopener noreferrer\">Moholy-Nagy University of Art and Design<\/a> (2014)<\/p>\n<p>The Russian Museum of Photography\u00a0Nizhniy Novgorod, Russia (2011)<\/p>\n<p><a href=\"http:\/\/www.eikon.at\/content\/en\/startseite.php\" target=\"_blank\" rel=\"noopener noreferrer\">Eikon Magazine<\/a>, Austria (2011)<\/p>\n<p><a href=\"http:\/\/ljosmyndasafnreykjavikur.is\/english\/index.htm\" target=\"_blank\" rel=\"noopener noreferrer\">Reykjavik Museum of Photography<\/a>, Reykjavik\/Iceland (2011)<\/p>\n<p><a href=\"http:\/\/encontrosdaimagem.com\/\" target=\"_blank\" rel=\"noopener noreferrer\">Festival Encontros da Imagem<\/a>, Braga\/Portugal (2011)<\/p>\n<p>City of Essen, Germany (2011)<\/p>\n<p>Institut bildprachen, Gelsenkirchen\/Germany (2011)<\/p>\n<p><a href=\"http:\/\/agency.photographer.ru\/\" target=\"_blank\" rel=\"noopener noreferrer\">Agency.Photographer.ru<\/a>, Russia (2011)<\/p>\n<p><a href=\"http:\/\/fotodepartament.ru\/about?lang=en\" target=\"_blank\" rel=\"noopener noreferrer\">Gallery\/Bureau FotoDepartament<\/a>, St Petersburg\/Russia (2011)<\/p>\n<p><a href=\"http:\/\/eng.studiomarangoni.it\/\" target=\"_blank\" rel=\"noopener noreferrer\">Fondation Studio Marangoni<\/a>, Florence\/Italy (Co-operator 1999, 2002, 2005, 2008)<\/p>\n<p><a href=\"http:\/\/www.fotofluss.at\/\" target=\"_blank\" rel=\"noopener noreferrer\">FLUSS \u2013 Society for the Promotion of Photo- and Media art<\/a>, Wolkersdorf\/Austria (Co-operator 2005, 2008)<\/p>\n<p><a href=\"http:\/\/www.lodzartcenter.com\/\" target=\"_blank\" rel=\"noopener noreferrer\">Foundation of Visual Education<\/a>, Lodz\/Poland (Co-operator 2005, 2008)<\/p>\n<p><a href=\"http:\/\/www.photonorth.fi\/\" target=\"_blank\" rel=\"noopener noreferrer\">Northern Photographic Centre<\/a>, Oulu\/Finland (Co-operator 2005, 2008)<\/p>\n<p><a href=\"http:\/\/www.cafecreme-art.lu\/\">Caf\u00e9 Cr\u00e8me Gallery<\/a>, Luxemburg\/Luxemburg (2002, 2005, 2008)<\/p>\n<p><a href=\"http:\/\/www.galleriimage.dk\/index.php\/en\/\" target=\"_blank\" rel=\"noopener noreferrer\">Galleri Image<\/a>, Aarhus\/Denmark (2002, 2005, 2008)<\/p>\n<p><a href=\"http:\/\/festival.kaunasphoto.com\/\" target=\"_blank\" rel=\"noopener noreferrer\">Kaunas Photo Days<\/a>, Kaunas\/Lituania (2005, 2008)<\/p>\n<p><a href=\"https:\/\/rosphoto.org\/en\/\" target=\"_blank\" rel=\"noopener noreferrer\">Rosphoto, the State Russian Centre of Photography<\/a>, Saint Petersburg\/Russia (2008)<\/p>\n<p><a href=\"http:\/\/www.kunstihoone.ee\/sisu.php\" target=\"_blank\" rel=\"noopener noreferrer\">Tallin Kunstihoone<\/a>, Tallin\/Estonia (2008)<\/p>\n<p><a href=\"http:\/\/www.langhansgalerie.cz\/\" target=\"_blank\" rel=\"noopener noreferrer\">Langhans Galerie<\/a>, Prague\/Czech Republic (2008)<\/p>\n<p><a href=\"http:\/\/www.exporevue.com\/fr\/index.html\">exporevue.com<\/a>, Paris\/France (2005)<\/p>\n<p><a href=\"http:\/\/www.prohelvetia.ch\/Home.20.0.html?&amp;L=4\" target=\"_blank\" rel=\"noopener noreferrer\">Pro Helvetia<\/a>, Z\u00fcrich\/Switzerland (Co-operator 2002)<\/p>\n<p>Institute of German Culture, Finland\u00a0 (Co-operator 2002)<\/p>\n<p><a href=\"http:\/\/cpf.pt\/\">Centro Portugu\u00eas de Fotografia<\/a>, Porto\/Portugal (Co-operator 1999)<\/p>\n<h4 style=\"text-align: left;\">Kansalliset<\/h4>\n<p><a href=\"http:\/\/tampereentaidemuseo.fi\/en\/\" target=\"_blank\" rel=\"noopener noreferrer\">Tampereen Taidemuseo<\/a> (2005, 2011, 2014, 2017, 2020, 2023)<\/p>\n<p><a href=\"http:\/\/vapriikki.fi\/en\/\" target=\"_self\" rel=\"noopener\">Museum Center Vapriikki<\/a>, Tampere\u00a0 (2005, 2008,2017)<\/p>\n<p><a title=\"Photonorth\" href=\"http:\/\/www.photonorth.fi\/en\/home\" target=\"_blank\" rel=\"noopener noreferrer\">Northern Photographic Centre<\/a> Oulu (2005, 2008, 2017)<\/p>\n<p><a href=\"http:\/\/www.telakka.eu\" target=\"_blank\" rel=\"noopener noreferrer\">Ravintola Telakka<\/a>, Tampere (2014, 2017, 2020)<\/p>\n<p><a href=\"https:\/\/www.tuni.fi\/en\">University of Tampere<\/a> (1999, 2005, 2008, 2014, 2023)<\/p>\n<p><a href=\"http:\/\/www.tamk.fi\/taide-musiikki-ja-media\">TAMK<\/a> University of Applied Sciences, Tampere School of Art and Media (1999, 2002, 2005, 2008, 2011, 2014, 2020, 2023)<\/p>\n<p><a href=\"http:\/\/www.tampereen-taiteilijaseura.fi\/en\/\" target=\"_blank\" rel=\"noopener noreferrer\">M\u00e4ltinranta Art Centre<\/a>, Tampere\u00a0 (2005, 2008, 2011, 2014)<\/p>\n<p><a href=\"http:\/\/rajataide.fi\/rajatila\/\" target=\"_blank\" rel=\"noopener noreferrer\">Rajatila Gallery<\/a>, Tampere\u00a0 (2005, 2008, 2011, 2014)<\/p>\n<p><a href=\"http:\/\/www.valkeakoski.fi\/portal\/english\/culture_and_education\/voipaala_art_centre\/\" target=\"_self\" rel=\"noopener\">Voipaala Art Centre<\/a>, Valkeakoski (2008, 2014)<\/p>\n<p><a href=\"http:\/\/www.tehdas108.fi\" target=\"_blank\" rel=\"noopener noreferrer\">Tehdassaaren Tuki ry <\/a>, Nokia (2014)<\/p>\n<p><a href=\"https:\/\/www.tampere.fi\/sarahildenakatemia\/\" target=\"_blank\" rel=\"noopener noreferrer\">Sara Hild\u00e9n Academy<\/a>, Tampere (2014)<\/p>\n<p><a href=\"https:\/\/pvf2.cargo.site\/Home-page\">PVK<\/a>, Helsinki (2014)<\/p>\n<p><a href=\"https:\/\/www.saksalainenkulttuurikeskus.fi\/\" target=\"_blank\" rel=\"noopener noreferrer\">Deutsches Kulturzentrum Tampere<\/a> (2011, 2014, 2020, 2023)<\/p>\n<p><a href=\"https:\/\/www.facebook.com\/MediaPyh%C3%A4t-182012341009\/\" target=\"_blank\" rel=\"noopener noreferrer\">MediaPyh\u00e4t<\/a>\u00a0(2011)<\/p>\n<p>Moving Gallery\u00a0(2011)<\/p>\n<p><a href=\"https:\/\/www.chs.fi\/fi\/etusivu\/\">CHS<\/a> (2011)<\/p>\n<p><a href=\"http:\/\/peklevitys.fi\/fi\/pek\/\" target=\"_blank\" rel=\"noopener noreferrer\">Pirkanmaa Film Centre<\/a>, Tampere (2005, 2008)<\/p>\n<p><a href=\"http:\/\/peri.fi\/\" target=\"_blank\" rel=\"noopener noreferrer\">Photographic Centre Peri<\/a>, Turku (2005, 2008)<\/p>\n<p><a href=\"http:\/\/vapriikki.fi\/en\/nayttelyt\/mediamuseo-rupriikki\/\" target=\"_blank\" rel=\"noopener noreferrer\">Media Museum Rupriikki<\/a>, Tampere\u00a0(2008)<\/p>\n<p><a href=\"https:\/\/www.tampere.fi\/taidekaari\/esittely\/english.html\" target=\"_blank\" rel=\"noopener noreferrer\">The Art Arc<\/a>, Tampere\u00a0 (2008)<\/p>\n<p><a href=\"https:\/\/www.laikku.fi\/rulla\" target=\"_blank\" rel=\"noopener noreferrer\">Children\u2019s Cultural Centre Rulla<\/a>, Tampere\u00a0 (2008)<\/p>\n<p>Kotka Photography Centre, Kotka (2008)<\/p>\n<p><a href=\"https:\/\/www.aalto.fi\/en\" target=\"_blank\" rel=\"noopener noreferrer\">University of Art and Design<\/a> (2005, 2008)<\/p>\n<p><a href=\"https:\/\/www.pori.fi\/en\/pori-centre-childrens-culture\" target=\"_blank\" rel=\"noopener noreferrer\">Pori Centre for Children\u00b4s Culture<\/a>, Pori (2008)<\/p>\n<p><a href=\"http:\/\/www.poriartmuseum.fi\/eng\/\" target=\"_blank\" rel=\"noopener noreferrer\">Pori Art Museum<\/a>, Pori (2008)<\/p>\n<p>Tampere Museum of Contemporary Art, Tampere (2005)<\/p>\n<p><a href=\"https:\/\/www.tampere.fi\/sarahilden\/en\/index.html\" target=\"_blank\" rel=\"noopener noreferrer\">Sara Hild\u00e9n Art Museum<\/a>, Tampere\u00a0 (2005)<\/p>\n<p><a href=\"https:\/\/vb-valokuvakeskus.fi\/\" target=\"_blank\" rel=\"noopener noreferrer\">The Victor Barsokevitsch Photographic Centre<\/a>, Kuopio (2005)<\/p>\n<p style=\"text-align: left;\"><a href=\"http:\/\/www.aka.fi\/en\" target=\"_blank\" rel=\"noopener noreferrer\">Academy of Finland<\/a> (2005)<\/p>\n<h4 style=\"text-align: left;\"><strong>Apurahat, sponsorit, rahoitus<br \/>\n<\/strong><\/h4>\n<p>Majaoja-s\u00e4\u00e4ti\u00f6 (2017, 2020, 2023)<\/p>\n<p>Patricia Sepp\u00e4l\u00e4n s\u00e4\u00e4ti\u00f6 (2023)<\/p>\n<p>Finnfoto (2020, 2023)<\/p>\n<p>The Swiss Arts Council Pro Helvetia (2023)<\/p>\n<p>Suomen Kulttuurirahasto (2017)<\/p>\n<p>The Arts Promotion Centre Finland (2017, 2018, 2020, 2023)<\/p>\n<p>City of Tampere (1999, 2002, 2005, 2008, 2011, 2014, 2015, 2017\u20132023)<\/p>\n<p>Visuaalisen taiteen keskus Frame (2014, 2017)<\/p>\n<p>Istituto Italiano di Cultura, Finland (2005, 2008, 2017)<\/p>\n<p>Suomen suurl\u00e4hetyst\u00f6 Vilnassa (2017)<\/p>\n<p>FinnAgora (2017)<\/p>\n<p>Opetusministeri\u00f6 (2005, 2008, 2011, 2014, 2015, 2016)<\/p>\n<p>Suomen Kulttuurirahasto \/ Pirkanmaan rahasto (2014, 2015)<\/p>\n<p>Suomen suurl\u00e4hetyst\u00f6 Zagrebissa (2015)<\/p>\n<p>Pirkanmaan taidetoimikunta, Taiteen edist\u00e4miskeskus (2002, 2005, 2008, 2011, 2014)<\/p>\n<p>Valokuvataiteen taidetoimikunta, Taiteen edist\u00e4miskeskus (1999, 2005, 2008, 2011, 2014)<\/p>\n<p>Slovenian suurl\u00e4hetyst\u00f6 (2014)<\/p>\n<p>Espanjan suurl\u00e4hetyst\u00f6 (2014)<\/p>\n<p>Deutsches Kulturzentrum, Tampere (2011, 2014, 2020, 2023)<\/p>\n<p>Centre Culturel Fran\u00e7ais, Finland (2008, 2014)<\/p>\n<p>Sparkasse Essen (2011)<\/p>\n<p>Icelandic-Finnish Cultural Foundation (2011)<\/p>\n<p>Euroopan unioni (1999, 2002, 2005, 2008)<\/p>\n<p>Oulun kaupunki (2008)<\/p>\n<p>It\u00e4vallan suurl\u00e4hetyst\u00f6 Suomessa (2008)<\/p>\n<p>Yhdysvaltain suurl\u00e4hetyst\u00f6 Suomessa (2008)<\/p>\n<p>Goethe-Institut Finnland (2008)<\/p>\n<p>Aamulehti (2008)<\/p>\n<p>Vitrea Oy (2002, 2005)<\/p>\n<p>Epson (2002)<\/p>\n<p>Dialab Oy (2002)<\/p>\n<p>Ammattikuva Oy (2002)<\/p>\n<p>Sokos Hotels (2002)<\/p>\n<p><em>(Suluissa oleva luku viittaa festivaalivuoteen, mutta rahoitus tai yhteisty\u00f6 on saattanut kest\u00e4\u00e4 useita vuosia mukaan lukien festivaalivalmistelut.)<strong><br \/>\n<\/strong><\/em><\/p>","protected":false},"excerpt":{"rendered":"<p>Partners and Co-operators since 1999 International Willem de Kooning academy (2023) Nordisk Kulturfond (2017-2019 Collaboration with Landskrona Foto, KATALOG Journal of Photography&amp;Video and Nordic Light) &hellip;<\/p>","protected":false},"author":8,"featured_media":0,"parent":0,"menu_order":0,"comment_status":"closed","ping_status":"closed","template":"","meta":{"_monsterinsights_skip_tracking":false,"_monsterinsights_sitenote_active":false,"_monsterinsights_sitenote_note":"","_monsterinsights_sitenote_category":0,"footnotes":""},"class_list":["post-1128","page","type-page","status-publish","hentry"],"_links":{"self":[{"href":"http:\/\/backlight.fi\/fi\/wp-json\/wp\/v2\/pages\/1128","targetHints":{"allow":["GET"]}}],"collection":[{"href":"http:\/\/backlight.fi\/fi\/wp-json\/wp\/v2\/pages"}],"about":[{"href":"http:\/\/backlight.fi\/fi\/wp-json\/wp\/v2\/types\/page"}],"author":[{"embeddable":true,"href":"http:\/\/backlight.fi\/fi\/wp-json\/wp\/v2\/users\/8"}],"replies":[{"embeddable":true,"href":"http:\/\/backlight.fi\/fi\/wp-json\/wp\/v2\/comments?post=1128"}],"version-history":[{"count":54,"href":"http:\/\/backlight.fi\/fi\/wp-json\/wp\/v2\/pages\/1128\/revisions"}],"predecessor-version":[{"id":4343,"href":"http:\/\/backlight.fi\/fi\/wp-json\/wp\/v2\/pages\/1128\/revisions\/4343"}],"wp:attachment":[{"href":"http:\/\/backlight.fi\/fi\/wp-json\/wp\/v2\/media?parent=1128"}],"curies":[{"name":"wp","href":"https:\/\/api.w.org\/{rel}","templated":true}]}}