{"id":2155,"date":"2017-06-05T13:32:06","date_gmt":"2017-06-05T10:32:06","guid":{"rendered":"http:\/\/backlight.fi\/?page_id=2155"},"modified":"2018-05-21T14:19:58","modified_gmt":"2018-05-21T11:19:58","slug":"2017-tour","status":"publish","type":"page","link":"http:\/\/backlight.fi\/fi\/2017-exhibition\/2017-tour\/","title":{"rendered":"Tour"},"content":{"rendered":"<div class=\"issuuembed\" style=\"width: 100%; height: 600px;\" data-configid=\"30368729\/50969117\"><\/div>\n<p><script type=\"text\/javascript\" src=\"\/\/e.issuu.com\/embed.js\" async=\"true\"><\/script><\/p>\n<div class=\"row\"> <div class=\"col-md-6\">\n<p>&nbsp;<\/p>\n<h4>Independence Through the Lenses<\/h4>\n<p>Juha Arvid Helminen, Sara Hornig, Jaakko Kahilaniemi, Harri P\u00e4lviranta, Riitta P\u00e4iv\u00e4l\u00e4inen, Juha Suonp\u00e4\u00e4, Juuso Westerlund<br \/>\ncurator Tuula Alajoki<\/p>\n<p><a href=\"http:\/\/backlight.fi\/fi\/independence-through-the-lenses\/\">Lue lis\u00e4\u00e4<\/a><\/p>\n<\/div><\/div>\n<p>&nbsp;<\/p>\n<div class=\"row\"><\/div> <div class=\"col-md-6\">\n<h5>Robert Capa Contemporary Photography Center, Budapest, Hungary<\/h5>\n<p>24.1.-12.3.2017<\/p>\n<p>&nbsp;<\/p>\n<h5>FLUSS, Wolkersdorf, Austria<\/h5>\n<p>30.4.-21.5.2017<\/p>\n<p>&nbsp;<\/p>\n<h5>Photon, Ljubljana, Slovenia<\/h5>\n<p>23.6.-16.7.2017<\/p>\n<p>&nbsp;<\/p>\n<h5>Museum of Arts and Crafts, Zagreb, Croatia<\/h5>\n<p>9.9.-15.9.2017<\/p>\n<\/div><div class=\"col-md-6\"><\/div>\n<h5>M.\u017dilinkas Art Gallery, Kaunas, Lithuania<\/h5>\n<p>23.9.-29.10.2017<\/p>\n<p>&nbsp;<\/p>\n<h5>Latvian Museum of Photography<\/h5>\n<p>27.10.-3.11.2017<\/p>\n<p>&nbsp;<\/p>\n<h5>Photoporta, Bratislava, Slovakia<\/h5>\n<p>2.11.-30.11.2017<\/p>\n<p>&nbsp;<\/p>\n<h5>Photography Museum \u0160iauliai, \u0160iauliai, Lithuania<\/h5>\n<p>18.11.-21.1.2018<\/p>\n<p>&nbsp;<\/p>\n<p>&nbsp;<\/p>","protected":false},"excerpt":{"rendered":"<p>&nbsp; M.\u017dilinkas Art Gallery, Kaunas, Lithuania 23.9.-29.10.2017 &nbsp; Latvian Museum of Photography 27.10.-3.11.2017 &nbsp; Photoporta, Bratislava, Slovakia 2.11.-30.11.2017 &nbsp; Photography Museum \u0160iauliai, \u0160iauliai, Lithuania 18.11.-21.1.2018 &hellip;<\/p>","protected":false},"author":8,"featured_media":0,"parent":2101,"menu_order":0,"comment_status":"closed","ping_status":"closed","template":"","meta":{"_monsterinsights_skip_tracking":false,"_monsterinsights_sitenote_active":false,"_monsterinsights_sitenote_note":"","_monsterinsights_sitenote_category":0,"footnotes":""},"class_list":["post-2155","page","type-page","status-publish","hentry"],"_links":{"self":[{"href":"http:\/\/backlight.fi\/fi\/wp-json\/wp\/v2\/pages\/2155","targetHints":{"allow":["GET"]}}],"collection":[{"href":"http:\/\/backlight.fi\/fi\/wp-json\/wp\/v2\/pages"}],"about":[{"href":"http:\/\/backlight.fi\/fi\/wp-json\/wp\/v2\/types\/page"}],"author":[{"embeddable":true,"href":"http:\/\/backlight.fi\/fi\/wp-json\/wp\/v2\/users\/8"}],"replies":[{"embeddable":true,"href":"http:\/\/backlight.fi\/fi\/wp-json\/wp\/v2\/comments?post=2155"}],"version-history":[{"count":11,"href":"http:\/\/backlight.fi\/fi\/wp-json\/wp\/v2\/pages\/2155\/revisions"}],"predecessor-version":[{"id":2988,"href":"http:\/\/backlight.fi\/fi\/wp-json\/wp\/v2\/pages\/2155\/revisions\/2988"}],"up":[{"embeddable":true,"href":"http:\/\/backlight.fi\/fi\/wp-json\/wp\/v2\/pages\/2101"}],"wp:attachment":[{"href":"http:\/\/backlight.fi\/fi\/wp-json\/wp\/v2\/media?parent=2155"}],"curies":[{"name":"wp","href":"https:\/\/api.w.org\/{rel}","templated":true}]}}