{"id":3616,"date":"2020-06-15T13:49:39","date_gmt":"2020-06-15T10:49:39","guid":{"rendered":"https:\/\/backlight.fi\/?page_id=3616"},"modified":"2024-12-12T11:27:07","modified_gmt":"2024-12-12T09:27:07","slug":"about","status":"publish","type":"page","link":"http:\/\/backlight.fi\/fi\/","title":{"rendered":"ABOUT"},"content":{"rendered":"<p><strong>Backlight<\/strong> on kansainv\u00e4linen valokuvafestivaali jonka Valokuvakeskus Nykyaika on j\u00e4rjest\u00e4nyt Tampereella kolmen vuoden v\u00e4lein vuodesta 1987. Backlight on yksi Pohjois-Euroopan vanhimmista ja isoimmista kansainv\u00e4lisist\u00e4 valokuvafestivaaleista. Backlight tuo esille sosiaalisesti ja globaalisesti t\u00e4rke\u00e4\u00e4 nykyaikaista valokuvataidetta.<br>Seuraava Backlight pidet\u00e4\u00e4n syksyll\u00e4 2026.<\/p>\n\n\n\n<p><\/p>","protected":false},"excerpt":{"rendered":"<p>Backlight is an international photo festival organized every three years since 1987 by Photographic Centre Nykyaika in the city of Tampere, Finland. Backlight is one &hellip;<\/p>","protected":false},"author":8,"featured_media":0,"parent":0,"menu_order":0,"comment_status":"closed","ping_status":"closed","template":"","meta":{"_monsterinsights_skip_tracking":false,"_monsterinsights_sitenote_active":false,"_monsterinsights_sitenote_note":"","_monsterinsights_sitenote_category":0,"footnotes":""},"class_list":["post-3616","page","type-page","status-publish","hentry"],"_links":{"self":[{"href":"http:\/\/backlight.fi\/fi\/wp-json\/wp\/v2\/pages\/3616","targetHints":{"allow":["GET"]}}],"collection":[{"href":"http:\/\/backlight.fi\/fi\/wp-json\/wp\/v2\/pages"}],"about":[{"href":"http:\/\/backlight.fi\/fi\/wp-json\/wp\/v2\/types\/page"}],"author":[{"embeddable":true,"href":"http:\/\/backlight.fi\/fi\/wp-json\/wp\/v2\/users\/8"}],"replies":[{"embeddable":true,"href":"http:\/\/backlight.fi\/fi\/wp-json\/wp\/v2\/comments?post=3616"}],"version-history":[{"count":15,"href":"http:\/\/backlight.fi\/fi\/wp-json\/wp\/v2\/pages\/3616\/revisions"}],"predecessor-version":[{"id":4355,"href":"http:\/\/backlight.fi\/fi\/wp-json\/wp\/v2\/pages\/3616\/revisions\/4355"}],"wp:attachment":[{"href":"http:\/\/backlight.fi\/fi\/wp-json\/wp\/v2\/media?parent=3616"}],"curies":[{"name":"wp","href":"https:\/\/api.w.org\/{rel}","templated":true}]}}