{"id":37,"date":"2012-12-13T17:17:54","date_gmt":"2012-12-13T15:17:54","guid":{"rendered":"http:\/\/www.backlight.fi\/?page_id=37"},"modified":"2025-05-21T17:21:20","modified_gmt":"2025-05-21T14:21:20","slug":"archives","status":"publish","type":"page","link":"http:\/\/backlight.fi\/fi\/archives\/","title":{"rendered":"Arkisto"},"content":{"rendered":"<p><strong>2023<\/strong> <a href=\"http:\/\/backlight.fi\/fi\/backlight-2023\/\" data-type=\"link\" data-id=\"https:\/\/backlight.fi\/backlight-2023\/\"><strong>BACKLIGHT 2023<\/strong><\/a><\/p>\n\n\n\n<p><strong>Julmaa Valoa<\/strong><\/p>\n\n\n\n<p><em>Julmaa Valoa<\/em>, Backlight-festivaalin vuoden 2023 teema, antaa valokuvan ja liikkuvan kuvan keinoin tilaa aineellisen ymp\u00e4rist\u00f6mme hiljaisille todistajille: erilaiset elementit radioaktiivisesta s\u00e4teilyst\u00e4 ilmansaateisiin, kylmyydest\u00e4 mineraaliteollisuuden j\u00e4\u00e4nteisiin, muuntuvat n\u00e4yttelyn teoksissa kuvallisiksi toimijoiksi. N\u00e4in erilaiset v\u00e4kivallan ulottuvuudet ihmisen aikahorisontin ylitt\u00e4vist\u00e4 hitaista prosesseista \u00e4killisiin geopoliittisiin konflikteihin tulevat esille kuvien kautta. N\u00e4yttelykokonaisuutena <em>Julmaa Valoa<\/em> toimiikin tilana kuvien todellisuussuhteen uudelleen arvioimiselle el\u00e4m\u00e4mme mahdollisuuksia kannattelevien elementtien n\u00e4k\u00f6kulmasta. &nbsp;&nbsp;&nbsp;<\/p>\n\n\n\n<p>Artists: Fiona Amundsen and Kanariya Eishi (New Zealand and Japan), Solmaz Daryani (Iran\/UK), Veli Gran\u00f6 (Finland), HNV Collective: Felicia Honkasalo, Akuliina Niemi, Sinna Virtanen (Finland), Susanne Kriemann (Germany), Noelle Mason (USA)&nbsp;, Ali Akbar Mehta (India \/ Finland), Anastasia Mityukova (Switzerland), Susan Schuppli (UK), Ana\u00efs Tondeur (France), Toshio Fukada&nbsp; (Japan) &amp; Eiichi Matsumoto (Japan)<\/p>\n\n\n<div class=\"wp-block-image\">\n<figure class=\"aligncenter size-large is-resized\"><a href=\"https:\/\/backlight.fi\/wp-content\/uploads\/2023\/06\/bs_fd_12-copy_1280px-e1686744882335.jpg\"><img loading=\"lazy\" decoding=\"async\" width=\"1024\" height=\"640\" src=\"https:\/\/backlight.fi\/wp-content\/uploads\/2023\/06\/bs_fd_12-copy_1280px-1024x640.jpg\" alt=\"\" class=\"wp-image-4272\" style=\"width:659px;height:auto\"\/><\/a><figcaption class=\"wp-element-caption\">Noelle Mason: Backscatter Blueprint (Bananos) <\/figcaption><\/figure>\n<\/div>\n\n\n<div style=\"height:50px\" aria-hidden=\"true\" class=\"wp-block-spacer\"><\/div>\n\n\n\n<p><strong>2021 <a href=\"http:\/\/backlight.fi\/fi\/backlight-2021-touring-exhibition\/\">BACKLIGHT Touring exhibition<\/a><\/strong><\/p>\n\n\n\n<p><strong>Related Realities<\/strong><\/p>\n\n\n\n<p>Backlight 2021 Touring Exhibition will be touring in Finland and abroad. The exhibition of international artists offers the visitors the opportunity to experience how artists currently visualize, understand and interpret the multidimensional relationship of art and science to space, nature and different cultures.<\/p>\n\n\n\n<p>N\u00e4yttelyn teema korostaa sit\u00e4, ettei ole vain yht\u00e4 totuutta, vaan pikemminkin useita totuuksia, rinnakkaistodellisuuksia. Kymmenen taiteilijan n\u00e4yttely rakentuu erikokoisista valokuvavedoksista, suurista sein\u00e4tapettikuvista, videoista, \u00e4\u00e4nimaisemista ja interaktiivisesta teko\u00e4lyyn perustuvasta selfie-teoksesta.<\/p>\n\n\n\n<p>Artists: <a href=\"https:\/\/www.johnangerson.com\">John Angerson<\/a> (England), <a href=\"https:\/\/carolinecorbasson.com\">Caroline Corbasson<\/a> (France), <a href=\"http:\/\/muthos.fr\">Michel Le Belhomme<\/a> (France), <a href=\"https:\/\/samilukkarinen.com\">Sami Lukkarinen<\/a> and Roope Mokka (Finland), <a href=\"https:\/\/www.michaelnajjar.com\">Michael Najjar<\/a> (Germany), <a href=\"http:\/\/biancasalvo.it\">Bianca Salvo<\/a> (Italy), <a href=\"https:\/\/www.sinikoski.com\">Aki-Pekka &amp; Astrid Sinikoski<\/a> (Finland), <a href=\"https:\/\/danielstier.com\">Daniel Stier<\/a> (Germany), <a href=\"http:\/\/www.sameertawde.com\">Sameer Tawde<\/a> (India) &amp; NASA \/ ESA \/ Edwin E. Aldrin (USA, Europe)<\/p>\n\n\n<div class=\"wp-block-image\">\n<figure class=\"aligncenter size-large is-resized\"><a href=\"https:\/\/backlight.fi\/wp-content\/uploads\/2021\/02\/Aki-Pekka_Sinikoski__Astrid_Sinikoski_New-Ghosts_2020_.jpg\"><img loading=\"lazy\" decoding=\"async\" width=\"1024\" height=\"792\" src=\"https:\/\/backlight.fi\/wp-content\/uploads\/2021\/02\/Aki-Pekka_Sinikoski__Astrid_Sinikoski_New-Ghosts_2020_-1024x792.jpg\" alt=\"\" class=\"wp-image-4013\" style=\"width:633px;height:auto\" srcset=\"https:\/\/backlight.fi\/wp-content\/uploads\/2021\/02\/Aki-Pekka_Sinikoski__Astrid_Sinikoski_New-Ghosts_2020_-1024x792.jpg 1024w, https:\/\/backlight.fi\/wp-content\/uploads\/2021\/02\/Aki-Pekka_Sinikoski__Astrid_Sinikoski_New-Ghosts_2020_-300x232.jpg 300w, https:\/\/backlight.fi\/wp-content\/uploads\/2021\/02\/Aki-Pekka_Sinikoski__Astrid_Sinikoski_New-Ghosts_2020_-768x594.jpg 768w, https:\/\/backlight.fi\/wp-content\/uploads\/2021\/02\/Aki-Pekka_Sinikoski__Astrid_Sinikoski_New-Ghosts_2020_-388x300.jpg 388w\" sizes=\"auto, (max-width: 1024px) 100vw, 1024px\" \/><\/a><figcaption class=\"wp-element-caption\">Aki-Pekka Sinikoski &amp; Astrid Sinikosti: New Ghosts nro 3, 2012<\/figcaption><\/figure>\n<\/div>\n\n\n<div style=\"height:50px\" aria-hidden=\"true\" class=\"wp-block-spacer\"><\/div>\n\n\n\n<p><strong>2020 <a href=\"http:\/\/backlight.fi\/fi\/backlight-20\/\">BACKLIGHT 2020<\/a><\/strong><\/p>\n\n\n\n<p><strong>Related Realities<\/strong><\/p>\n\n\n\n<p><strong>The main exhibition<\/strong> of Backlight 2020 is <strong>Related Realities<\/strong>. The exhibition asks: How do different realities relate \u2013 or not \u2013 to each other? The <strong>Space Works<\/strong> exhibition explores and tests our relationship with outer space. The artists of the <strong>Visual Catalysts<\/strong> exhibition will present us how to affect to economics and consumption habits using art. <strong>Mater Semper (Certa) Est<\/strong> is Backlight\u201917-prize-exhibition about female identity by B\u00e9n\u00e9dicte Vanderreydt. <strong>Light in The Tunnel<\/strong> exhibition brings international photographic art to the public space in the city of Tampere.<\/p>\n\n\n\n<p>Artists: John Angerson (England), Marjolein Blom (Netherlands), Guilherme Gerais (Brazil), Chirag Jindal (New Zealand), Karl Ketamo (Finland), Sjoerd Knibbeler (Netherlands), Karina-Sirkku Kurz (Finland), Michel Le Belhomme (France), Marie Lukasiewicz (France), Sami Lukkarinen and Roope Mokka (Finland), Andrei Nacu (Romania), Sarker Protick (Bangladesh), Andy Sewell (England), Daniel Stier (Germany), Sameer Tawde (India), Carlos Trancoso (Portugal), Miia-Mari Virtanen (Finland), Saana Wang (Finland), Timo Wright (Finland), Sheung Yiu (Hong Kong), Ksenia Yurkova (Russia) &amp; Alba Zari (Italy -Thailand)<\/p>\n\n\n<div class=\"wp-block-image\">\n<figure class=\"aligncenter size-large is-resized\"><a href=\"https:\/\/backlight.fi\/wp-content\/uploads\/2020\/08\/Daniel_Stier_Ways_of_knowing.jpg\"><img loading=\"lazy\" decoding=\"async\" width=\"1024\" height=\"819\" src=\"https:\/\/backlight.fi\/wp-content\/uploads\/2020\/08\/Daniel_Stier_Ways_of_knowing-1024x819.jpg\" alt=\"\" class=\"wp-image-3848\" style=\"width:629px;height:auto\" srcset=\"https:\/\/backlight.fi\/wp-content\/uploads\/2020\/08\/Daniel_Stier_Ways_of_knowing-1024x819.jpg 1024w, https:\/\/backlight.fi\/wp-content\/uploads\/2020\/08\/Daniel_Stier_Ways_of_knowing-300x240.jpg 300w, https:\/\/backlight.fi\/wp-content\/uploads\/2020\/08\/Daniel_Stier_Ways_of_knowing-768x614.jpg 768w\" sizes=\"auto, (max-width: 1024px) 100vw, 1024px\" \/><\/a><figcaption class=\"wp-element-caption\">Daniel Stier: Ways of Seeing<\/figcaption><\/figure>\n<\/div>\n\n\n<div style=\"height:50px\" aria-hidden=\"true\" class=\"wp-block-spacer\"><\/div>\n\n\n\n<p><strong>2017 <a href=\"http:\/\/backlight.fi\/fi\/2017-exhibition\/\">BACKLIGHT 17<\/a><\/strong><\/p>\n\n\n\n<p><strong>Boundaries of Independence<\/strong><\/p>\n\n\n\n<p><strong>Backlight Photo Festival<\/strong> is the oldest international photography festival in Finland, run by a non- profit association <a href=\"http:\/\/www.valokuvakeskusnykyaika.fi\/\">Valokuvakeskus Nykyaika<\/a> in Tampere. In 2017 we celebrate our 30th jubilee under the wide theme of Independence. As in previous editions we are keeping our focus on social issues from global perspectives to individual experiences and views, hoping to challenge, expose and encourage discourses outside the mainstreams.<\/p>\n\n\n\n<p>Artists: <a href=\"http:\/\/zazabertrand.com\/\" target=\"_blank\" rel=\"noreferrer noopener\">Zaza Bertrand <\/a>(Belgium), <a href=\"http:\/\/www.stefanogiogli.it\/\" target=\"_blank\" rel=\"noreferrer noopener\">Stefano&nbsp;Giogli <\/a>(Italy), <a href=\"http:\/\/halanovalaurinc.com\/\" target=\"_blank\" rel=\"noreferrer noopener\">Zuzana Halanova<\/a>&nbsp;(Slovakia), <a href=\"https:\/\/sonjahamad.com\/\" target=\"_blank\" rel=\"noreferrer noopener\">Sonja Hamad <\/a>(Germany), <a href=\"http:\/\/juhaarvidhelminen.com\/\" target=\"_blank\" rel=\"noreferrer noopener\">Juha Arvid Helminen<\/a> (Finland), <a href=\"http:\/\/www.jaakkokahilaniemi.com\/\" target=\"_blank\" rel=\"noreferrer noopener\">Jaakko Kahilaniemi <\/a>(Finland), Nina Korhonen (Finland), <a href=\"http:\/\/www.mariyakozhanova.com\/\" target=\"_blank\" rel=\"noreferrer noopener\">Mariya Kozhanova <\/a>(Russia), <a href=\"https:\/\/www.indiphoto.net\/\" target=\"_blank\" rel=\"noreferrer noopener\">Daesung Lee <\/a>(South Korea), <a href=\"http:\/\/hannalenz.com\/\" target=\"_blank\" rel=\"noreferrer noopener\">Hanna Lenz<\/a> (Germany), <a href=\"http:\/\/www.sebastianlindberg.net\/\" target=\"_blank\" rel=\"noreferrer noopener\">Carl Sebastian Lindberg<\/a> (Finland), <a href=\"http:\/\/www.julienlombardi.com\/Julien_Lombardi\/Menu.html\" target=\"_blank\" rel=\"noreferrer noopener\">Julien Lombardi <\/a>(France), <a href=\"http:\/\/titomouraz.com\/\" target=\"_blank\" rel=\"noreferrer noopener\">Tito Mouraz <\/a>(Portugal), <a href=\"http:\/\/www.samiparkkinen.com\/\" target=\"_blank\" rel=\"noreferrer noopener\">Sami Parkkinen<\/a> (Finland), <a href=\"http:\/\/www.riinarinne.com\/\" target=\"_blank\" rel=\"noreferrer noopener\">Riina Rinne <\/a>(Finland), <a href=\"http:\/\/www.delphineschacher.com\/\" target=\"_blank\" rel=\"noreferrer noopener\">Delphine Schacher <\/a>(Switzerland), <a href=\"http:\/\/www.michalsiarek.com\/\" target=\"_blank\" rel=\"noreferrer noopener\">Michal&nbsp;Siarek<\/a> (Puola)<br><a href=\"http:\/\/www.miriamstanke.com\/\" target=\"_blank\" rel=\"noreferrer noopener\">Miriam Stanke<\/a> (Germany), <a href=\"http:\/\/holymelancholy.fi\/\" target=\"_blank\" rel=\"noreferrer noopener\">Juha Suonp\u00e4\u00e4 <\/a>(Finland), <a href=\"https:\/\/www.benedictevanderreydt.com\/\">B\u00e9n\u00e9dicte Vanderreydt<\/a> (Belgium), <a href=\"http:\/\/www.borkovukosav.com\/\" target=\"_blank\" rel=\"noreferrer noopener\">Borko Vukosav <\/a>(Croatia) &amp; <a href=\"http:\/\/www.martazgierska.com\/\" target=\"_blank\" rel=\"noreferrer noopener\">Marta Zgierska <\/a>(Puola)<\/p>\n\n\n\n<div style=\"height:50px\" aria-hidden=\"true\" class=\"wp-block-spacer\"><\/div>\n\n\n\n<p><strong>2014 BACKLIGHT 14<\/strong><\/p>\n\n\n\n<p><strong> Holding Cohesion<\/strong><\/p>\n\n\n\n<p>Backlight Photo Festival 2014 continues the triennials tradition with focusing on social themes; relations between individuals, communities and societies. Backlight \u00b414 wants to provide thematically and functionally a platform for research and discussion about trust, and how trust and dependencies create tensions and shape cohesion in modern societies.<\/p>\n\n\n\n<p>Artists: AHAD A.M. (Bangladesh), BASTIAN Jasper (Saksa), CAPP Kristin (USA\/Namibia), DVIR Natan (Israel\/USA), EBRAHIMI Saladin (Iran), ECHEVERRIA Alinka (Iso-Britannia\/Meksiko), ESTOL Federico (Uruguay), FABRICIUS Anna (Unkari), GATTONI Matilde (Italia\/Ranska), MEICHSNER Andreas (Saksa), MISTAL Katerina (Ruotsi), MOUNIER Nadia (Egypti), SALMI Aino (Suomi), SEGON TORRA Oriol (Espanja), VAN de VELDE Reginald (Belgia) ALVAREZ DIESTRO Manuel (Espanja\/Iso-Britannia), DAHLSTEN&nbsp; Annika &amp; LAAKSO Markku (Suomi), GREEN Pak (Korea), IATSIRIKAJORN Lek (Thaimaa), NIITTYVIRTA Pekka (Suomi) KERN Corinna (Saksa\/Etel\u00e4-Afrikka), PENSO Alessandro (Italia), PACHECO Georges (Ranska) &amp; ZBIERSKI Piotr (Puola)<\/p>\n\n\n\n<div style=\"height:47px\" aria-hidden=\"true\" class=\"wp-block-spacer\"><\/div>\n\n\n\n<p><strong>2011\u00a0BACKLIGHT 11<\/strong><\/p>\n\n\n\n<p><strong>Migration and Nomadic Living<\/strong><\/p>\n\n\n\n<p>Backlight 2011 Photo Festival theme and working title has been \u201cMigration and Nomadic Living in 21st Century \u2013 Rural Traditions and Urban Hypes\u201d. Specialists in European countries incl. Russia were invited to nominate art- and documentary-positions, rooted in diverse cultural backgrounds and speaking authentic languages in order to stimulate an intercultural dialogue on Migration and Nomadic Living in 21st Century. Artists were also welcome to submit directly to Backlight.<\/p>\n\n\n\n<div style=\"height:50px\" aria-hidden=\"true\" class=\"wp-block-spacer\"><\/div>\n\n\n\n<p><strong>2008&nbsp;<\/strong><strong><a href=\"http:\/\/www.backlight.fi\/archive\/bl2008\/index.htm\" target=\"_blank\" rel=\"noopener noreferrer\">BACKLIGHT 08<\/a><\/strong><\/p>\n\n\n\n<p><strong>Tickle Attack<\/strong><\/p>\n\n\n\n<p>The theme of Backlight 08 Photo Festival was Tickle Attack \u2013 surveying humour, laughter, irony, paradox and absurd in the means of fine art photography and documentary projects. Photographs and video-based projects of 56 artists were chosen for the international Backlight 08 Photo Festival. The exhibition was shared by various galleries and venues; opened to the public simultaneously across Europe: in Finland, Italy, Austria and Poland.<\/p>\n\n\n\n<div style=\"height:50px\" aria-hidden=\"true\" class=\"wp-block-spacer\"><\/div>\n\n\n\n<p><strong>2005&nbsp;<\/strong><a href=\"http:\/\/www.backlight.fi\/archive\/BL05\/uk\/index.htm\" target=\"_blank\" rel=\"noopener noreferrer\"><strong>BACKLIGHT 05<\/strong><\/a><\/p>\n\n\n\n<p><strong>Untouchable Things<\/strong><\/p>\n\n\n\n<p>The keynote of Backlight2005 is on Contemporary European Photo-Art beginning with the 1970th, enriched i.e. by historical works of August Sander, 1930th-, Lewis Carroll, 1870th- and extended by contemporary documentaries on the theme of Childhood and Youth from Iran, Israel, USA and Mexico.<\/p>\n\n\n\n<p>Artists: <strong>Almog, Lili <\/strong>USA, <strong>Croitoru, Alexandra <\/strong>Romania <strong>Eneroth, Joakim <\/strong>Ruotsi, <strong>Fotiadou, Ioanna <\/strong>Kreikka, <strong>Granser, Peter <\/strong>Saksa, <strong>Gverovic, Tina <\/strong>Kroatia, <strong>Kakkinen, Ari <\/strong>Suomi, <strong>Kalafatis, Stratos <\/strong>Kreikka, <strong>Lapithi, Lia <\/strong>Kypros, <strong>Leonardo, Jo\u00e3o<\/strong>, Portugali, <strong>Lepp\u00e4la, Anni <\/strong>Suomi, <strong>Lund, Brigitta <\/strong>Tanska, <strong>Nikolaeva, Vesselina <\/strong>Bulgaria, <strong>Palma, Carlos <\/strong>Portugali, <strong>Partanen, Jaana <\/strong>Suomi, <strong>P\u00e4lviranta, Harri <\/strong>Suomi, <strong>Rasol, Jasenko <\/strong>Kroatia, <strong>Roethlisberger, Comenius <\/strong>Sveitsi, <strong>Sundheim Jens ja Bernhard Reu\u00df<\/strong>,Saksa, <strong>Trullo, David <\/strong>Espanja, <strong>Valla, Titta <\/strong>Suomi &amp; <strong>Zak, Pawel <\/strong>Puola<a href=\"http:\/\/www.backlight.fi\/archive\/bl2008\/bl08\/uk\/gallery.htm\" target=\"_blank\" rel=\"noopener noreferrer\"><br><br>Videoclip from Backlight 2005<\/a><\/p>\n\n\n\n<div style=\"height:50px\" aria-hidden=\"true\" class=\"wp-block-spacer\"><\/div>\n\n\n\n<p><strong>2002&nbsp;<\/strong><a href=\"http:\/\/www.backlight.fi\/archive\/bl02\/ukindex.htm\" target=\"_blank\" rel=\"noopener noreferrer\"><strong>BACKLIGHT 02<\/strong><\/a><\/p>\n\n\n\n<p><strong>Critical Authenticity<\/strong><\/p>\n\n\n\n<p><a href=\"http:\/\/www.backlight.fi\/archive\/BL05\/uk\/02.htm\" target=\"_blank\" rel=\"noopener noreferrer\">Introduction text<\/a><br>\nThe global doors open \u2013 photography goes POPlatino. Critical authenticity, the theme of the event, refers to the ability to respond and to exercise critical responsibility in authentic situations of social and ethical urgency.<a href=\"http:\/\/www.backlight.fi\/archive\/bl2008\/bl08\/uk\/gallery3.htm\" target=\"_blank\" rel=\"noopener noreferrer\"><br>\nMarcos Lopez from Backlight 2002<\/a><\/p>\n\n\n\n<div style=\"height:50px\" aria-hidden=\"true\" class=\"wp-block-spacer\"><\/div>\n\n\n\n<p><strong>1999&nbsp;<\/strong><a href=\"http:\/\/www.backlight.fi\/archive\/uk\/ukbindex.htm\" target=\"_blank\" rel=\"noopener noreferrer\"><strong>BACKLIGHT 99<\/strong><\/a><\/p>\n\n\n\n<p><strong>Document &amp; Identity<\/strong><\/p>\n\n\n\n<p><a href=\"http:\/\/www.backlight.fi\/archive\/BL05\/uk\/99.htm\" target=\"_blank\" rel=\"noopener noreferrer\">Introduction text<\/a><br>\nBacklight\u00b4s emphasis is against mainstream and opens a remarkable sequence of international exhibitions including classic photography, installation, sculpture, collage and projection.<\/p>\n\n\n\n<div style=\"height:50px\" aria-hidden=\"true\" class=\"wp-block-spacer\"><\/div>\n\n\n\n<p><strong>1996&nbsp;<a href=\"http:\/\/www.backlight.fi\/archive\/BL05\/uk\/96.htm\" target=\"_blank\" rel=\"noopener noreferrer\">PHOTOGRAPHY 96 TAMPERE<\/a><\/strong><\/p>\n\n\n\n<p><strong>Finnish Documentary<\/strong><\/p>\n\n\n\n<p>Event theme in 1996 was Finnish Documentary . We had a major photography exhibition with 19 Finnish photoartits. In the seminar discussion there Raoul Gr\u00fcnstein, Asko M\u00e4kel\u00e4 and Inari Teinil\u00e4 were&nbsp;conversating the situation of documentary aspect in photoart.<\/p>\n\n\n\n<div style=\"height:50px\" aria-hidden=\"true\" class=\"wp-block-spacer\"><\/div>\n\n\n\n<p><strong>1993&nbsp;<\/strong><strong><a href=\"http:\/\/www.backlight.fi\/archive\/BL05\/uk\/93.htm\" target=\"_blank\" rel=\"noopener noreferrer\">PHOTOGRAPHY 93 TAMPERE<\/a><\/strong><\/p>\n\n\n\n<p><strong>Morality &amp; Religious<\/strong><\/p>\n\n\n\n<p>In 1993 we had workshops, the artists were Jashi Kleine from Germany and Heinz Cibulka from Austria. In that event there was the open discussion; NamNam 93, at the theme on Morality and Religious in Photography and Advertising (of Benetton).<\/p>\n\n\n\n<div style=\"height:50px\" aria-hidden=\"true\" class=\"wp-block-spacer\"><\/div>\n\n\n\n<p><strong>1990&nbsp;<\/strong><strong><a href=\"http:\/\/www.backlight.fi\/archive\/BL05\/uk\/90.htm\" target=\"_blank\" rel=\"noopener noreferrer\">PHOTOGRAPHY 90 TAMPERE<\/a><\/strong><\/p>\n\n\n\n<p><strong>Creative Reportage<\/strong><\/p>\n\n\n\n<p>In 1990 it was Danny Lyon from the US and Rifkhat Yakupov from the USSR who arrived to give lectures and teach in the workshops. Their exhibitions were displayd in Nykyaika. The theme was politically quite actual: East goes West.<\/p>\n\n\n\n<div style=\"height:50px\" aria-hidden=\"true\" class=\"wp-block-spacer\"><\/div>\n\n\n\n<p><strong>1987&nbsp;<\/strong><strong><a href=\"http:\/\/www.backlight.fi\/archive\/BL05\/uk\/87.htm\" target=\"_blank\" rel=\"noopener noreferrer\">P<\/a><\/strong><strong><a href=\"http:\/\/www.backlight.fi\/archive\/BL05\/uk\/87.htm\" target=\"_blank\" rel=\"noopener noreferrer\">HOTOGRAPHY 87 TAMPERE<\/a><\/strong><\/p>\n\n\n\n<p><strong>Contemporary British Photography<\/strong><\/p>\n\n\n\n<p>The British photographers Martin Parr, Paul Graham and Vigtor Burgin were invited in 1987 as the first meeting`s guests in triennial of Nykyaika. Their show was arranged in cooperation with the Tampere Museum of Modern Art. The theme of the event was New British Photography.<\/p>\n\n\n\n<hr class=\"wp-block-separator has-alpha-channel-opacity\"\/>\n\n\n\n<p><\/p>\n\n\n\n<p><\/p>","protected":false},"excerpt":{"rendered":"<p>2023 BACKLIGHT 2023 Cruel Radiance Cruel Radiance, the 2023 edition of the Backlight festival, examines the evidential aspects of matter through photography and the moving &hellip;<\/p>","protected":false},"author":8,"featured_media":0,"parent":0,"menu_order":0,"comment_status":"closed","ping_status":"open","template":"","meta":{"_monsterinsights_skip_tracking":false,"_monsterinsights_sitenote_active":false,"_monsterinsights_sitenote_note":"","_monsterinsights_sitenote_category":0,"footnotes":""},"class_list":["post-37","page","type-page","status-publish","hentry"],"_links":{"self":[{"href":"http:\/\/backlight.fi\/fi\/wp-json\/wp\/v2\/pages\/37","targetHints":{"allow":["GET"]}}],"collection":[{"href":"http:\/\/backlight.fi\/fi\/wp-json\/wp\/v2\/pages"}],"about":[{"href":"http:\/\/backlight.fi\/fi\/wp-json\/wp\/v2\/types\/page"}],"author":[{"embeddable":true,"href":"http:\/\/backlight.fi\/fi\/wp-json\/wp\/v2\/users\/8"}],"replies":[{"embeddable":true,"href":"http:\/\/backlight.fi\/fi\/wp-json\/wp\/v2\/comments?post=37"}],"version-history":[{"count":36,"href":"http:\/\/backlight.fi\/fi\/wp-json\/wp\/v2\/pages\/37\/revisions"}],"predecessor-version":[{"id":4416,"href":"http:\/\/backlight.fi\/fi\/wp-json\/wp\/v2\/pages\/37\/revisions\/4416"}],"wp:attachment":[{"href":"http:\/\/backlight.fi\/fi\/wp-json\/wp\/v2\/media?parent=37"}],"curies":[{"name":"wp","href":"https:\/\/api.w.org\/{rel}","templated":true}]}}