{"id":3968,"date":"2021-02-23T15:29:09","date_gmt":"2021-02-23T13:29:09","guid":{"rendered":"https:\/\/backlight.fi\/?page_id=3968"},"modified":"2021-02-23T15:29:09","modified_gmt":"2021-02-23T13:29:09","slug":"backlight-2021-touring-exhibition","status":"publish","type":"page","link":"http:\/\/backlight.fi\/fi\/backlight-2021-touring-exhibition\/","title":{"rendered":"Backlight2021-kierton\u00e4yttely"},"content":{"rendered":"<h2 class=\"wp-block-heading\">Backlight 2021 kierton\u00e4yttely<\/h2>\n\n\n\n<div style=\"height:20px\" aria-hidden=\"true\" class=\"wp-block-spacer\"><\/div>\n\n\n\n<p>Suomessa ja ulkomailla kiert\u00e4v\u00e4 Kansainv\u00e4linen Backlight2021 kierton\u00e4yttely n\u00e4yttely tarjoaa katsojalle mahdollisuuden kokea, kuinka taiteilijat t\u00e4ll\u00e4 hetkell\u00e4 visualisoivat, ymm\u00e4rt\u00e4v\u00e4t ja tulkitsevat, taiteen ja tieteen moniulotteista suhdetta avaruuteen, luontoon ja eri kulttuureihin.<\/p>\n\n\n\n<p>N\u00e4yttelyn teema korostaa sit\u00e4, ettei ole vain yht\u00e4 totuutta, vaan pikemminkin useita totuuksia, rinnakkaistodellisuuksia. Kymmenen taiteilijan n\u00e4yttely rakentuu erikokoisista valokuvavedoksista, suurista sein\u00e4tapettikuvista, videoista, \u00e4\u00e4nimaisemista ja interaktiivisesta teko\u00e4lyyn perustuvasta selfie-teoksesta.<\/p>\n\n\n\n<p>Kierton\u00e4yttely on \u00e4\u00e4rimm\u00e4isen ajankohtainen. Eri puolilta maailmaa tulevat taiteilijat k\u00e4ytt\u00e4v\u00e4t teoksissaan eksaktia tiedett\u00e4 ja uutta teknologiaa, mutta tosiasioihin ja fiktioihin perustuvista visuaalisista tarinoista l\u00f6ytyy my\u00f6s huumoria. Taideteokset purkavat myyttej\u00e4 haudanvakavasta suhtautumisesta tieteistarinoihin ja her\u00e4tt\u00e4v\u00e4t n\u00e4kem\u00e4\u00e4n kiertotalouden ja ymp\u00e4rist\u00f6llisen kest\u00e4vyyden uudella tavalla.<\/p>\n\n\n\n<p>Valokuvakeskus Nykyajan, Tampereen taidemuseon ja Majaoja-s\u00e4\u00e4ti\u00f6n yhteisty\u00f6ss\u00e4 tuottama&nbsp;kierton\u00e4yttely avaa katsojille valikoiman tamperelaisen Backlight2020-valokuvafestivaalin taiteilijoiden tulkintoihin maailmasta, jossa vain mielikuvitus on rajana. Osa teoksista on tehty maapallon avaruuskeskuksissa, er\u00e4maissa, merell\u00e4 ja veden alla. Kierton\u00e4yttelyn ovat kuratoineet Backlightin festivaalijohtaja Hannu Vanhanen ja museoamanuenssi Johanna Kangas Tampereen taidemuseosta.<\/p>\n\n\n\n<div style=\"height:20px\" aria-hidden=\"true\" class=\"wp-block-spacer\"><\/div>\n\n\n\n<p><strong>Backlight2021 kierton\u00e4yttelyn taiteilijat&nbsp;<\/strong><\/p>\n\n\n\n<p><a href=\"https:\/\/www.johnangerson.com\" data-type=\"URL\" data-id=\"https:\/\/www.johnangerson.com\">John Angerson<\/a> (Englanti)<br><a href=\"https:\/\/carolinecorbasson.com\" data-type=\"URL\" data-id=\"https:\/\/carolinecorbasson.com\">Caroline Corbasson<\/a> (Ranska)<br><a href=\"http:\/\/muthos.fr\" data-type=\"URL\" data-id=\"http:\/\/muthos.fr\">Michel Le Belhomme<\/a> (Ranska)<br><a href=\"https:\/\/samilukkarinen.com\" data-type=\"URL\" data-id=\"https:\/\/samilukkarinen.com\">Sami Lukkarinen<\/a> ja Roope Mokka (Suomi)<br><a href=\"https:\/\/www.michaelnajjar.com\" data-type=\"URL\" data-id=\"https:\/\/www.michaelnajjar.com\">Michael Najjar<\/a> (Saksa)<br><a href=\"http:\/\/biancasalvo.it\" data-type=\"URL\" data-id=\"http:\/\/biancasalvo.it\">Bianca Salvo<\/a> (Italia)<br><a href=\"https:\/\/www.sinikoski.com\" data-type=\"URL\" data-id=\"https:\/\/www.sinikoski.com\">Aki-Pekka &amp; Astrid Sinikoski<\/a> (Suomi)<br><a href=\"https:\/\/danielstier.com\" data-type=\"URL\" data-id=\"https:\/\/danielstier.com\">Daniel Stier<\/a> (Saksa)<br><a href=\"http:\/\/www.sameertawde.com\" data-type=\"URL\" data-id=\"http:\/\/www.sameertawde.com\">Sameer Tawde<\/a> (Intia)<br>NASA \/ ESA \/ Edwin E. Aldrin (USA, Eurooppa)<\/p>\n\n\n\n<div style=\"height:20px\" aria-hidden=\"true\" class=\"wp-block-spacer\"><\/div>\n\n\n\n<p><strong>Yhteystiedot<\/strong><\/p>\n\n\n\n<p>festivaalijohtaja Hannu Vanhanen p. 0405073441, 0505579960; hannu.vanhanen@gmail.com, director.backlight@backlight.fi<br>museoamanuenssi Johanna Kangas p. 040 8016873; johanna.t.kangas@tampere.fi<\/p>\n\n\n\n<h2 class=\"wp-block-heading\">Backlight2021-kierton\u00e4yttely<\/h2>\n\n\n\n<div style=\"height:20px\" aria-hidden=\"true\" class=\"wp-block-spacer\"><\/div>\n\n\n\n<p>Backlight 2021 Touring Exhibition will be touring in Finland and abroad. The exhibition of international artists offers the visitors the opportunity to experience how artists currently visualize, understand and interpret the multidimensional relationship of art and science to space, nature and different cultures.<\/p>\n\n\n\n<p>N\u00e4yttelyn teema korostaa sit\u00e4, ettei ole vain yht\u00e4 totuutta, vaan pikemminkin useita totuuksia, rinnakkaistodellisuuksia. Kymmenen taiteilijan n\u00e4yttely rakentuu erikokoisista valokuvavedoksista, suurista sein\u00e4tapettikuvista, videoista, \u00e4\u00e4nimaisemista ja interaktiivisesta teko\u00e4lyyn perustuvasta selfie-teoksesta.<\/p>\n\n\n\n<p>Kierton\u00e4yttely on \u00e4\u00e4rimm\u00e4isen ajankohtainen. Eri puolilta maailmaa tulevat taiteilijat k\u00e4ytt\u00e4v\u00e4t teoksissaan eksaktia tiedett\u00e4 ja uutta teknologiaa, mutta tosiasioihin ja fiktioihin perustuvista visuaalisista tarinoista l\u00f6ytyy my\u00f6s huumoria. Taideteokset purkavat myyttej\u00e4 haudanvakavasta suhtautumisesta tieteistarinoihin ja her\u00e4tt\u00e4v\u00e4t n\u00e4kem\u00e4\u00e4n kiertotalouden ja ymp\u00e4rist\u00f6llisen kest\u00e4vyyden uudella tavalla.<\/p>\n\n\n\n<p>The touring exhibition, co-produced by the Photographic Centre Nykyaika, the Tampere Art Museum and the Majaoja Foundation and presenting a selection of works of the Tampere Backlight2020 Photo Festival, opens for viewers the artists\u2019 interpretations of the world where only the imagination is the limit. Some of the works have been made in space centres of the Earth, in the wilderness, at sea and underwater. The touring exhibition is curated by Backlight&#8217;s festival director Hannu Vanhanen and museum curator Johanna Kangas from the Tampere Art Museum.<\/p>\n\n\n\n<div style=\"height:20px\" aria-hidden=\"true\" class=\"wp-block-spacer\"><\/div>\n\n\n\n<p><strong>The artists of the Backlight2021 touring exhibition<\/strong><\/p>\n\n\n\n<p><a href=\"https:\/\/www.johnangerson.com\" data-type=\"URL\" data-id=\"https:\/\/www.johnangerson.com\">John Angerson<\/a> (Englanti)<br><a href=\"https:\/\/carolinecorbasson.com\" data-type=\"URL\" data-id=\"https:\/\/carolinecorbasson.com\">Caroline Corbasson<\/a> (Ranska)<br><a href=\"http:\/\/muthos.fr\" data-type=\"URL\" data-id=\"http:\/\/muthos.fr\">Michel Le Belhomme<\/a> (Ranska)<br><a href=\"https:\/\/samilukkarinen.com\" data-type=\"URL\" data-id=\"https:\/\/samilukkarinen.com\">Sami Lukkarinen<\/a> ja Roope Mokka (Suomi)<br><a href=\"https:\/\/www.michaelnajjar.com\" data-type=\"URL\" data-id=\"https:\/\/www.michaelnajjar.com\">Michael Najjar<\/a> (Saksa)<br><a href=\"http:\/\/biancasalvo.it\" data-type=\"URL\" data-id=\"http:\/\/biancasalvo.it\">Bianca Salvo<\/a> (Italia)<br><a href=\"https:\/\/www.sinikoski.com\" data-type=\"URL\" data-id=\"https:\/\/www.sinikoski.com\">Aki-Pekka &amp; Astrid Sinikoski<\/a> (Suomi)<br><a href=\"https:\/\/danielstier.com\" data-type=\"URL\" data-id=\"https:\/\/danielstier.com\">Daniel Stier<\/a> (Saksa)<br><a href=\"http:\/\/www.sameertawde.com\" data-type=\"URL\" data-id=\"http:\/\/www.sameertawde.com\">Sameer Tawde<\/a> (Intia)<br>NASA \/ ESA \/ Edwin E. Aldrin (USA, Europe)<\/p>\n\n\n\n<div style=\"height:20px\" aria-hidden=\"true\" class=\"wp-block-spacer\"><\/div>\n\n\n\n<p><strong>Yhteystiedot<\/strong><\/p>\n\n\n\n<p>Hannu Vanhanen, festival director, tel. +358 40 5073441, +358 505579960; hannu.vanhanen@gmail.com, director.backlight@backlight.fi<\/p>\n\n\n\n<p>Johanna Kangas, museum curator, tel. +358 40 8016873; johanna.t.kangas@tampere.fi<\/p>","protected":false},"excerpt":{"rendered":"<p>Backlight 2021 kierton\u00e4yttely Suomessa ja ulkomailla kiert\u00e4v\u00e4 Kansainv\u00e4linen Backlight2021 kierton\u00e4yttely n\u00e4yttely tarjoaa katsojalle mahdollisuuden kokea, kuinka taiteilijat t\u00e4ll\u00e4 hetkell\u00e4 visualisoivat, ymm\u00e4rt\u00e4v\u00e4t ja tulkitsevat, taiteen ja &hellip;<\/p>","protected":false},"author":6,"featured_media":0,"parent":0,"menu_order":0,"comment_status":"closed","ping_status":"closed","template":"","meta":{"_monsterinsights_skip_tracking":false,"_monsterinsights_sitenote_active":false,"_monsterinsights_sitenote_note":"","_monsterinsights_sitenote_category":0,"footnotes":""},"class_list":["post-3968","page","type-page","status-publish","hentry"],"_links":{"self":[{"href":"http:\/\/backlight.fi\/fi\/wp-json\/wp\/v2\/pages\/3968","targetHints":{"allow":["GET"]}}],"collection":[{"href":"http:\/\/backlight.fi\/fi\/wp-json\/wp\/v2\/pages"}],"about":[{"href":"http:\/\/backlight.fi\/fi\/wp-json\/wp\/v2\/types\/page"}],"author":[{"embeddable":true,"href":"http:\/\/backlight.fi\/fi\/wp-json\/wp\/v2\/users\/6"}],"replies":[{"embeddable":true,"href":"http:\/\/backlight.fi\/fi\/wp-json\/wp\/v2\/comments?post=3968"}],"version-history":[{"count":1,"href":"http:\/\/backlight.fi\/fi\/wp-json\/wp\/v2\/pages\/3968\/revisions"}],"predecessor-version":[{"id":3969,"href":"http:\/\/backlight.fi\/fi\/wp-json\/wp\/v2\/pages\/3968\/revisions\/3969"}],"wp:attachment":[{"href":"http:\/\/backlight.fi\/fi\/wp-json\/wp\/v2\/media?parent=3968"}],"curies":[{"name":"wp","href":"https:\/\/api.w.org\/{rel}","templated":true}]}}