{"id":3366,"date":"2019-06-01T15:53:39","date_gmt":"2019-06-01T12:53:39","guid":{"rendered":"https:\/\/backlight.fi\/?page_id=3366"},"modified":"2021-02-13T17:40:31","modified_gmt":"2021-02-13T15:40:31","slug":"backlight-20","status":"publish","type":"page","link":"https:\/\/backlight.fi\/fi\/backlight-20\/","title":{"rendered":"BACKLIGHT PHOTO FESTIVAL 2020"},"content":{"rendered":"<p class=\"has-normal-font-size\"><\/p>\n\n\n\n<p class=\"has-normal-font-size\"><strong>Backlight<\/strong> is an international photo festival organized every three years since  1987 by Photographic centre Nykyaika in the city of Tampere, Finland.  Backlight is one of the oldest and largest international photography  festivals in Northern Europe. Backlight exhibits contemporary  photography of social and global importance. <\/p>\n\n\n\n<p class=\"has-normal-font-size\"><strong>Backlight Photo Festival<\/strong> triennial establishes a presentation space for works by  creators of fine photographic art and explorers of the scientific world.  In the photo and video works and installations the Backlight2020  addresses the multidimensional relationship between art, science and new  technologies.<\/p>\n\n\n\n<p class=\"has-normal-font-size\"><strong>The main exhibition<\/strong> of Backlight 2020 is <strong>Related Realities<\/strong>. The exhibition asks: How do different realities relate \u2013 or not \u2013 to each other? The <strong>Space Works<\/strong> exhibition explores and tests our relationship with outer space. The artists of the <strong>Visual Catalysts<\/strong> exhibition will present us how to affect to economics and consumption habits using art. <strong>Mater Semper (Certa) Est<\/strong> is Backlight\u201917-prize-exhibition about female identity by B\u00e9n\u00e9dicte Vanderreydt. <strong>Light in The Tunnel<\/strong> exhibition brings international photographic art to the public space in the city of Tampere.<\/p>\n\n\n\n<p>**<\/p>\n\n\n\n<p class=\"has-normal-font-size\"><strong>Backlight<\/strong> on Valokuvakeskus Nykyajan joka kolmas vuosi tuottama kansainv\u00e4linen  valokuvafestivaali, jota on j\u00e4rjestetty Tampereella vuodesta 1987  alkaen. Pohjois-Euroopan suurimpiin ja vanhimpiin lukeutuva  valokuvafestivaali tuo esille ajankohtaista kansainv\u00e4list\u00e4  valokuvataidetta.<\/p>\n\n\n\n<p class=\"has-normal-font-size\"><strong>Backlight2020-valokuvafestivaalin taiteilijat<\/strong> k\u00e4sittelev\u00e4t valokuva- ja videoteoksissa sek\u00e4  installaatioissa taiteen moniulotteista suhdetta tieteeseen ja uusiin  teknologioihin.  <\/p>\n\n\n\n<p class=\"has-normal-font-size\">Festivaalin <strong>p\u00e4\u00e4n\u00e4yttely<\/strong> <strong>Related Realities<\/strong> on \u00e4\u00e4rimm\u00e4isen ajankohtainen. Se kysyy, voimmeko luottaa tieteeseen, totuuteen ja mit\u00e4 ovat rinnakkaistodellisuudet? <strong>Space Works<\/strong> -n\u00e4yttelyss\u00e4 katsojille avautuu taiteilijoiden ennen n\u00e4kem\u00e4tt\u00f6mi\u00e4 visioita ja tulkintoja avaruudesta, joissa vain mielikuvitus on rajana. <strong>Visual Catalysts<\/strong> -n\u00e4yttelyn taiteilijat esitt\u00e4v\u00e4t teoksillaan tuoreita n\u00e4kemyksi\u00e4, kuinka taiteen keinoin voidaan vaikuttaa talouteen ja ihmisten kulutustottumuksiin. <strong>Mater Semper (Certa) Est<\/strong> on B\u00e9n\u00e9dicte Vanderreydtin Backlight\u201917-palkinton\u00e4yttely, joka k\u00e4sittelee naiseuden identiteetti\u00e4. <strong>Light in The Tunnel<\/strong> -n\u00e4yttely tuo kansainv\u00e4lisen valokuvataiteen osaksi Tampereen kaupunkitilaa. <\/p>\n\n\n<p>&nbsp;<\/p>\n\n\n<p class=\"has-medium-font-size\"><strong>Backlight Photo Festival <br>5.9.\u20138.11.2020<br>Tampere, Finland<\/strong><\/p>\n\n\n<p>&nbsp;<\/p>\n\n\n<h2 class=\"wp-block-heading\"><strong>Exhibitions | N\u00e4yttelyt:<\/strong><\/h2>\n\n\n\n\n\n<p><\/p>\n\n\n\n<p><strong>Backlight2021-kierton\u00e4yttely<\/strong><br>25.2.\u201325.3.2021<br><a href=\"https:\/\/www.sajos.fi\">S\u00e1mi Cultural Centre Sajos<\/a>, Inari<br>Mon &#8211; Fri 9-17<\/p>\n\n\n\n<p><\/p>\n\n\n\n<p class=\"has-normal-font-size\"><strong>Related Realities<\/strong> <br>5.9.\u20131.11.2020<br><a href=\"https:\/\/himmelblau.fi\/\">Galleria Himmelblaussa<\/a>, Finlaysoninkuja 9<br>Tue &#8211; Fri 11-18, Sat &#8211; Sun 12-16<br>Free entry<\/p>\n\n\n\n<p class=\"has-normal-font-size\"><strong>Space Works<\/strong> <br>12.9.\u20138.11.2020<br><a href=\"https:\/\/www.tampereentaidemuseo.fi\/en\/index.html\">Tampereen Taidemuseo<\/a>, Puutarhakatu 34<br>Tue &#8211; Thurs 9\u201317, Fri &#8211; Sun 10\u201318, Mon closed<br>Adults 11 \u20ac, Children (7-17 y.), unemployed, pensioners and students 5 \u20ac, Children under 7 y for free; Free admission on Fridays at 15-18<\/p>\n\n\n\n<p class=\"has-normal-font-size\"><strong>Visual Catalysts<\/strong> <br>26.9.\u201318.10.2020<br><a href=\"https:\/\/www.laikku.fi\/\">Kulttuuritalo Laikulla<\/a>, Keskustori 4<br>Tue &#8211; Fri 9\u201321, Sat &#8211; Sun 10\u201318<br>Free entry<\/p>\n\n\n\n<p class=\"has-normal-font-size\"><strong>B\u00e9n\u00e9dicte Vanderreydt: Mater Semper (Certa) Est <\/strong><br>5.\u201328.9.2020<br><a href=\"https:\/\/valokuvakeskusnykyaika.fi\/\">Valokuvakeskus Nykyaika<\/a>, Kauppakatu 14<br>Mon &#8211; Fri 12-18, Sat &#8211; Sun 12, 16<br>Free entry<\/p>\n\n\n\n<p class=\"has-normal-font-size\"><strong>Light in The Tunnel<\/strong> <br>5.9.\u201331.12.2020<br>Ratina tunnel gallery<br>Ratinan raitti, from Suvantokatu to Voimakatu<br>Open 24\/7, free entry<\/p>\n\n\n\n<p><\/p>","protected":false},"excerpt":{"rendered":"<p>Backlight is an international photo festival organized every three years since 1987 by Photographic centre Nykyaika in the city of Tampere, Finland. Backlight is one &hellip;<\/p>","protected":false},"author":6,"featured_media":0,"parent":0,"menu_order":0,"comment_status":"closed","ping_status":"closed","template":"","meta":{"_monsterinsights_skip_tracking":false,"_monsterinsights_sitenote_active":false,"_monsterinsights_sitenote_note":"","_monsterinsights_sitenote_category":0,"footnotes":""},"class_list":["post-3366","page","type-page","status-publish","hentry"],"_links":{"self":[{"href":"https:\/\/backlight.fi\/fi\/wp-json\/wp\/v2\/pages\/3366","targetHints":{"allow":["GET"]}}],"collection":[{"href":"https:\/\/backlight.fi\/fi\/wp-json\/wp\/v2\/pages"}],"about":[{"href":"https:\/\/backlight.fi\/fi\/wp-json\/wp\/v2\/types\/page"}],"author":[{"embeddable":true,"href":"https:\/\/backlight.fi\/fi\/wp-json\/wp\/v2\/users\/6"}],"replies":[{"embeddable":true,"href":"https:\/\/backlight.fi\/fi\/wp-json\/wp\/v2\/comments?post=3366"}],"version-history":[{"count":70,"href":"https:\/\/backlight.fi\/fi\/wp-json\/wp\/v2\/pages\/3366\/revisions"}],"predecessor-version":[{"id":3917,"href":"https:\/\/backlight.fi\/fi\/wp-json\/wp\/v2\/pages\/3366\/revisions\/3917"}],"wp:attachment":[{"href":"https:\/\/backlight.fi\/fi\/wp-json\/wp\/v2\/media?parent=3366"}],"curies":[{"name":"wp","href":"https:\/\/api.w.org\/{rel}","templated":true}]}}