{"id":4242,"date":"2023-06-12T10:13:11","date_gmt":"2023-06-12T07:13:11","guid":{"rendered":"https:\/\/backlight.fi\/?page_id=4242"},"modified":"2023-06-16T17:08:16","modified_gmt":"2023-06-16T14:08:16","slug":"programme","status":"publish","type":"page","link":"https:\/\/backlight.fi\/fi\/programme\/","title":{"rendered":"Oheisohjelma"},"content":{"rendered":"<p><strong>TAITEILIJATAPAAMISET<\/strong> <strong>17.6.<\/strong><\/p>\n\n\n\n<p>17.6. Klo 12:00 Taiteilijatapaaminen Susanne Kriemannin kanssa Valokuvakeskus Nykyajassa - ilmainen sis\u00e4\u00e4np\u00e4\u00e4sy<br>17.6. Klo 13:00 Taiteilijatapaaminen Ana\u00efs Tondeurin kanssa Galleria Saskiassa - ilmainen sis\u00e4\u00e4np\u00e4\u00e4sy<br>17.6. Klo 15:00 Taiteilijatapaaminen Susanne Kriemannin, Noelle Masonin ja Anastasia Mityukovan kanssa Tampereen Taidemuseossa - museoon maksettava sis\u00e4\u00e4nk\u00e4ynti <\/p>\n\n\n\n<div style=\"height:50px\" aria-hidden=\"true\" class=\"wp-block-spacer\"><\/div>\n\n\n\n<figure class=\"wp-block-image size-large\"><a href=\"https:\/\/backlight.fi\/wp-content\/uploads\/2023\/06\/1_Carbon-Black_AnaisTondeur_View-from-the-expedition_1920px.jpg\"><img loading=\"lazy\" decoding=\"async\" width=\"1024\" height=\"681\" src=\"https:\/\/backlight.fi\/wp-content\/uploads\/2023\/06\/1_Carbon-Black_AnaisTondeur_View-from-the-expedition_1920px-1024x681.jpg\" alt=\"\" class=\"wp-image-4251\" srcset=\"https:\/\/backlight.fi\/wp-content\/uploads\/2023\/06\/1_Carbon-Black_AnaisTondeur_View-from-the-expedition_1920px-1024x681.jpg 1024w, https:\/\/backlight.fi\/wp-content\/uploads\/2023\/06\/1_Carbon-Black_AnaisTondeur_View-from-the-expedition_1920px-300x199.jpg 300w, https:\/\/backlight.fi\/wp-content\/uploads\/2023\/06\/1_Carbon-Black_AnaisTondeur_View-from-the-expedition_1920px-768x510.jpg 768w, https:\/\/backlight.fi\/wp-content\/uploads\/2023\/06\/1_Carbon-Black_AnaisTondeur_View-from-the-expedition_1920px-1536x1021.jpg 1536w, https:\/\/backlight.fi\/wp-content\/uploads\/2023\/06\/1_Carbon-Black_AnaisTondeur_View-from-the-expedition_1920px-18x12.jpg 18w, https:\/\/backlight.fi\/wp-content\/uploads\/2023\/06\/1_Carbon-Black_AnaisTondeur_View-from-the-expedition_1920px-451x300.jpg 451w, https:\/\/backlight.fi\/wp-content\/uploads\/2023\/06\/1_Carbon-Black_AnaisTondeur_View-from-the-expedition_1920px.jpg 1920w\" sizes=\"auto, (max-width: 1024px) 100vw, 1024px\" \/><\/a><figcaption class=\"wp-element-caption\">Anais Tondeur: View from the expedition<\/figcaption><\/figure>\n\n\n\n<div style=\"height:50px\" aria-hidden=\"true\" class=\"wp-block-spacer\"><\/div>\n\n\n\n<p><strong>LYHYTELOKUVAN\u00c4YT\u00d6S<\/strong> <strong>18.6.<\/strong><\/p>\n\n\n\n<p>18.6. Klo 14:00-17:00 Lyhytelokuvan\u00e4yt\u00f6s Arthouse Cinema Niagarassa, osoitteessa Kehr\u00e4saari B - ilmainen sis\u00e4\u00e4np\u00e4\u00e4sy<\/p>\n\n\n\n<p>UNEARTH \u2013 IN BETWEEN STATES OF MATTER<br>Anika Schwarzlose &amp; Brian D McKenna<\/p>\n\n\n\n<p>SCENES OF EXTRACTION<br>Sanaz Sohrabi<\/p>\n\n\n\n<p>MAALBEEK&nbsp;<br>Isma\u00ebl Joffroy Chandoutis<\/p>\n\n\n\n<p>THE ATOMIC SOLDIERS<br>Morgan Knibbe&nbsp; <\/p>\n\n\n\n<p>Kahvitauko<\/p>\n\n\n\n<p>THE SASHA<br>Mar\u00eda Molina Peir\u00f3<\/p>\n\n\n\n<p>CONSTANT<br>Sasha Litvintseva &amp; Beny Wagner&nbsp;<\/p>","protected":false},"excerpt":{"rendered":"<p>ARTIST TALKS 17.6. 17.6. 12PM Artist Talk with Susanne Kriemann at Photographic Centre Nykyaika &#8211; free entry17.6. 1PM Artist Talk with Ana\u00efs Tondeur at Gallery &hellip;<\/p>","protected":false},"author":6,"featured_media":0,"parent":0,"menu_order":0,"comment_status":"closed","ping_status":"closed","template":"","meta":{"_monsterinsights_skip_tracking":false,"_monsterinsights_sitenote_active":false,"_monsterinsights_sitenote_note":"","_monsterinsights_sitenote_category":0,"footnotes":""},"class_list":["post-4242","page","type-page","status-publish","hentry"],"_links":{"self":[{"href":"https:\/\/backlight.fi\/fi\/wp-json\/wp\/v2\/pages\/4242","targetHints":{"allow":["GET"]}}],"collection":[{"href":"https:\/\/backlight.fi\/fi\/wp-json\/wp\/v2\/pages"}],"about":[{"href":"https:\/\/backlight.fi\/fi\/wp-json\/wp\/v2\/types\/page"}],"author":[{"embeddable":true,"href":"https:\/\/backlight.fi\/fi\/wp-json\/wp\/v2\/users\/6"}],"replies":[{"embeddable":true,"href":"https:\/\/backlight.fi\/fi\/wp-json\/wp\/v2\/comments?post=4242"}],"version-history":[{"count":7,"href":"https:\/\/backlight.fi\/fi\/wp-json\/wp\/v2\/pages\/4242\/revisions"}],"predecessor-version":[{"id":4299,"href":"https:\/\/backlight.fi\/fi\/wp-json\/wp\/v2\/pages\/4242\/revisions\/4299"}],"wp:attachment":[{"href":"https:\/\/backlight.fi\/fi\/wp-json\/wp\/v2\/media?parent=4242"}],"curies":[{"name":"wp","href":"https:\/\/api.w.org\/{rel}","templated":true}]}}